{"id":4563,"date":"2025-03-17T18:36:38","date_gmt":"2025-03-17T22:36:38","guid":{"rendered":"https:\/\/aventure-tours-caraibes.fr\/product\/location-bateaux-sans-permis\/"},"modified":"2026-04-14T14:47:12","modified_gmt":"2026-04-14T18:47:12","slug":"location-bateaux-sans-permis","status":"publish","type":"product","link":"https:\/\/aventure-tours-caraibes.fr\/en\/product\/location-bateaux-sans-permis\/","title":{"rendered":"Boat Rental Without a License \u2013 Set Off on a Sea Adventure in Complete Freedom!"},"content":{"rendered":"[vc_row type=&#8221;in_container&#8221; full_screen_row_position=&#8221;middle&#8221; column_margin=&#8221;default&#8221; column_direction=&#8221;default&#8221; column_direction_tablet=&#8221;default&#8221; column_direction_phone=&#8221;default&#8221; scene_position=&#8221;center&#8221; text_color=&#8221;dark&#8221; text_align=&#8221;left&#8221; row_border_radius=&#8221;none&#8221; row_border_radius_applies=&#8221;bg&#8221; row_position_desktop=&#8221;default&#8221; row_position_tablet=&#8221;inherit&#8221; row_position_phone=&#8221;inherit&#8221; overflow=&#8221;visible&#8221; overlay_strength=&#8221;0.3&#8243; gradient_direction=&#8221;left_to_right&#8221; shape_divider_position=&#8221;bottom&#8221; bg_image_animation=&#8221;none&#8221;][vc_column column_padding=&#8221;no-extra-padding&#8221; column_padding_tablet=&#8221;inherit&#8221; column_padding_phone=&#8221;inherit&#8221; column_padding_position=&#8221;all&#8221; flex_gap_desktop=&#8221;10px&#8221; column_element_direction_desktop=&#8221;default&#8221; column_element_spacing=&#8221;default&#8221; desktop_text_alignment=&#8221;default&#8221; tablet_text_alignment=&#8221;default&#8221; phone_text_alignment=&#8221;default&#8221; background_color_opacity=&#8221;1&#8243; background_hover_color_opacity=&#8221;1&#8243; column_backdrop_filter=&#8221;none&#8221; column_shadow=&#8221;none&#8221; column_border_radius=&#8221;none&#8221; column_link_target=&#8221;_self&#8221; column_position=&#8221;default&#8221; gradient_direction=&#8221;left_to_right&#8221; overlay_strength=&#8221;0.3&#8243; width=&#8221;1\/1&#8243; tablet_width_inherit=&#8221;default&#8221; animation_type=&#8221;default&#8221; bg_image_animation=&#8221;none&#8221; border_type=&#8221;simple&#8221; column_border_width=&#8221;none&#8221; column_border_style=&#8221;solid&#8221;][vc_column_text css=&#8221;&#8221; text_direction=&#8221;default&#8221;]As captain on board, you will set off for a day in the bay of Le Fran\u00e7ois or Le Robert, discovering the islets and white sandbanks, moving at your own pace and according to your wishes.<\/p>\n<p>You will board a Cap Camarat 3.70, equipped with all necessary safety equipment for navigation, a sunshade awning, music, a cooler, and a swimming ladder. The boat is easy to use, and David will take the time to explain everything before your departure.<\/p>\n<p>He will provide you with a GPS showing your pre-set navigation route. Departures are at 9:00 AM with return at 4:00 PM. If you encounter any difficulties, there is no need to worry \u2014 you can contact David, who is never far away.<\/p>\n<p>Two recommended routes:<\/p>\n<p>\u2022 LE ROBERT ROUTE<br \/>\nDeparting from Pointe la Rose Sud, you will follow the mangrove toward \u00celet Madame, \u00celet la Grotte, and \u00celet Chancel. On these islets you can discover:<\/p>\n<p>* A protected reserve of endemic iguanas living in their natural habitat<br \/>\n* Remains of an old sugar factory<br \/>\n* An impressive strangler fig tree<br \/>\n* Trap\u00e8ze Beach and its beautiful white sandbanks<br \/>\n* Possibility of having lunch on \u00celet Madame, which has picnic areas<\/p>\n<p>\u2022 LE FRAN\u00c7OIS ROUTE<br \/>\nAlso departing from Pointe la Rose Sud, you will follow the coastline and mangrove toward \u00celet Oscar, \u00celet Thierry, and the famous Jos\u00e9phine\u2019s Bathtub.<br \/>\nYou can stop at \u00celet Thierry for lunch and enjoy the shallow waters of the white sandbanks.<br \/>\n[\/vc_column_text][\/vc_column][\/vc_row]\n","protected":false},"excerpt":{"rendered":"<p>Set off on an adventure by renting a license-free motorboat (seats 4) and freely explore the islets of Fran\u00e7ois and Robert.<br \/>\nCruise through idyllic scenery, discover the famous white sandbanks, and spot the endemic iguanas on Chancel Islet.<br \/>\nAn unforgettable getaway awaits you!<\/p>\n","protected":false},"featured_media":4565,"template":"","meta":{"inline_featured_image":false},"product_brand":[],"product_cat":[170,174,175,171,172,176],"product_tag":[],"class_list":{"0":"post-4563","1":"product","2":"type-product","3":"status-publish","4":"has-post-thumbnail","6":"product_cat-bagnoire-josephine","7":"product_cat-bateau-sans-permis","8":"product_cat-demi-journee-fonds-blancs","9":"product_cat-excursion-bateau-martinique","10":"product_cat-les-fonds-blancs","11":"product_cat-privatisation","13":"first","14":"instock","15":"taxable","16":"shipping-taxable","17":"purchasable","18":"product-type-simple"},"exclude_global_add_ons":false,"addons":[{"name":"Date souhait\u00e9e","type":"datepicker","position":0,"required":true,"title_format":"label","default":"","description_enable":false,"description":"","placeholder_enable":false,"placeholder":"","display":"select","restrictions_type":"any_text","adjust_price":false,"price":"","price_type":"flat_fee","restrictions":false,"min":"0","max":"0","options":[],"id":1756470628},{"name":"Circuit propos\u00e9","type":"heading","position":1,"required":false,"title_format":"label","default":"","description_enable":false,"description":"","placeholder_enable":false,"placeholder":"","display":"select","restrictions_type":"any_text","adjust_price":false,"price":"","price_type":"flat_fee","restrictions":false,"min":"0","max":"0","options":[],"id":1763231703},{"name":"Nombre de bateau \u00celet du Fran\u00e7ois","type":"input_multiplier","position":2,"required":false,"title_format":"label","default":"","description_enable":true,"description":"Nombre de bateaux ","placeholder_enable":false,"placeholder":"","display":"select","restrictions_type":"any_text","adjust_price":true,"price":"170","price_type":"flat_fee","restrictions":true,"min":"0","max":"6","options":[],"id":1763231960},{"name":"Nombre de bateaux \u00eelet du Robert","type":"input_multiplier","position":3,"required":false,"title_format":"label","default":"","description_enable":false,"description":"","placeholder_enable":false,"placeholder":"","display":"select","restrictions_type":"any_text","adjust_price":true,"price":"170","price_type":"flat_fee","restrictions":true,"min":"0","max":"6","options":[],"id":1763232124}],"yoast_head":"<!-- This site is optimized with the Yoast SEO plugin v27.4 - https:\/\/yoast.com\/product\/yoast-seo-wordpress\/ -->\n<title>Boat Rental Without a License \u2013 Set Off on a Sea Adventure in Complete Freedom! - Aventure Tours Cara\u00efbes<\/title>\n<meta name=\"robots\" content=\"index, follow, max-snippet:-1, max-image-preview:large, max-video-preview:-1\" \/>\n<link rel=\"canonical\" href=\"https:\/\/aventure-tours-caraibes.fr\/en\/product\/location-bateaux-sans-permis\/\" \/>\n<meta property=\"og:locale\" content=\"en_US\" \/>\n<meta property=\"og:type\" content=\"article\" \/>\n<meta property=\"og:title\" content=\"Boat Rental Without a License \u2013 Set Off on a Sea Adventure in Complete Freedom! - Aventure Tours Cara\u00efbes\" \/>\n<meta property=\"og:description\" content=\"Set off on an adventure by renting a license-free motorboat (seats 4) and freely explore the islets of Fran\u00e7ois and Robert. Cruise through idyllic scenery, discover the famous white sandbanks, and spot the endemic iguanas on Chancel Islet. An unforgettable getaway awaits you!\" \/>\n<meta property=\"og:url\" content=\"https:\/\/aventure-tours-caraibes.fr\/en\/product\/location-bateaux-sans-permis\/\" \/>\n<meta property=\"og:site_name\" content=\"Aventure Tours Cara\u00efbes\" \/>\n<meta property=\"article:modified_time\" content=\"2026-04-14T18:47:12+00:00\" \/>\n<meta property=\"og:image\" content=\"https:\/\/aventure-tours-caraibes.fr\/wp-content\/uploads\/2025\/03\/WhatsApp-Image-2025-03-17-a-09.30.43_a2021d9f.jpg\" \/>\n\t<meta property=\"og:image:width\" content=\"1280\" \/>\n\t<meta property=\"og:image:height\" content=\"960\" \/>\n\t<meta property=\"og:image:type\" content=\"image\/jpeg\" \/>\n<meta name=\"twitter:card\" content=\"summary_large_image\" \/>\n<meta name=\"twitter:label1\" content=\"Est. reading time\" \/>\n\t<meta name=\"twitter:data1\" content=\"2 minutes\" \/>\n<!-- \/ Yoast SEO plugin. -->","yoast_head_json":{"title":"Boat Rental Without a License \u2013 Set Off on a Sea Adventure in Complete Freedom! - Aventure Tours Cara\u00efbes","robots":{"index":"index","follow":"follow","max-snippet":"max-snippet:-1","max-image-preview":"max-image-preview:large","max-video-preview":"max-video-preview:-1"},"canonical":"https:\/\/aventure-tours-caraibes.fr\/en\/product\/location-bateaux-sans-permis\/","og_locale":"en_US","og_type":"article","og_title":"Boat Rental Without a License \u2013 Set Off on a Sea Adventure in Complete Freedom! - Aventure Tours Cara\u00efbes","og_description":"Set off on an adventure by renting a license-free motorboat (seats 4) and freely explore the islets of Fran\u00e7ois and Robert. Cruise through idyllic scenery, discover the famous white sandbanks, and spot the endemic iguanas on Chancel Islet. An unforgettable getaway awaits you!","og_url":"https:\/\/aventure-tours-caraibes.fr\/en\/product\/location-bateaux-sans-permis\/","og_site_name":"Aventure Tours Cara\u00efbes","article_modified_time":"2026-04-14T18:47:12+00:00","og_image":[{"width":1280,"height":960,"url":"https:\/\/aventure-tours-caraibes.fr\/wp-content\/uploads\/2025\/03\/WhatsApp-Image-2025-03-17-a-09.30.43_a2021d9f.jpg","type":"image\/jpeg"}],"twitter_card":"summary_large_image","twitter_misc":{"Est. reading time":"2 minutes"},"schema":{"@context":"https:\/\/schema.org","@graph":[{"@type":"WebPage","@id":"https:\/\/aventure-tours-caraibes.fr\/en\/product\/location-bateaux-sans-permis\/","url":"https:\/\/aventure-tours-caraibes.fr\/en\/product\/location-bateaux-sans-permis\/","name":"Boat Rental Without a License \u2013 Set Off on a Sea Adventure in Complete Freedom! - Aventure Tours Cara\u00efbes","isPartOf":{"@id":"https:\/\/aventure-tours-caraibes.fr\/en\/#website"},"primaryImageOfPage":{"@id":"https:\/\/aventure-tours-caraibes.fr\/en\/product\/location-bateaux-sans-permis\/#primaryimage"},"image":{"@id":"https:\/\/aventure-tours-caraibes.fr\/en\/product\/location-bateaux-sans-permis\/#primaryimage"},"thumbnailUrl":"https:\/\/aventure-tours-caraibes.fr\/wp-content\/uploads\/2025\/03\/WhatsApp-Image-2025-03-17-a-09.30.43_a2021d9f.jpg","datePublished":"2025-03-17T22:36:38+00:00","dateModified":"2026-04-14T18:47:12+00:00","breadcrumb":{"@id":"https:\/\/aventure-tours-caraibes.fr\/en\/product\/location-bateaux-sans-permis\/#breadcrumb"},"inLanguage":"en-US","potentialAction":[{"@type":"ReadAction","target":["https:\/\/aventure-tours-caraibes.fr\/en\/product\/location-bateaux-sans-permis\/"]}]},{"@type":"ImageObject","inLanguage":"en-US","@id":"https:\/\/aventure-tours-caraibes.fr\/en\/product\/location-bateaux-sans-permis\/#primaryimage","url":"https:\/\/aventure-tours-caraibes.fr\/wp-content\/uploads\/2025\/03\/WhatsApp-Image-2025-03-17-a-09.30.43_a2021d9f.jpg","contentUrl":"https:\/\/aventure-tours-caraibes.fr\/wp-content\/uploads\/2025\/03\/WhatsApp-Image-2025-03-17-a-09.30.43_a2021d9f.jpg","width":1280,"height":960},{"@type":"BreadcrumbList","@id":"https:\/\/aventure-tours-caraibes.fr\/en\/product\/location-bateaux-sans-permis\/#breadcrumb","itemListElement":[{"@type":"ListItem","position":1,"name":"Accueil","item":"https:\/\/aventure-tours-caraibes.fr\/en\/"},{"@type":"ListItem","position":2,"name":"Shop","item":"https:\/\/aventure-tours-caraibes.fr\/en\/shop\/"},{"@type":"ListItem","position":3,"name":"Bateau sans permis","item":"https:\/\/aventure-tours-caraibes.fr\/en\/product-category\/bateau-sans-permis\/"},{"@type":"ListItem","position":4,"name":"Boat Rental Without a License \u2013 Set Off on a Sea Adventure in Complete Freedom!"}]},{"@type":"WebSite","@id":"https:\/\/aventure-tours-caraibes.fr\/en\/#website","url":"https:\/\/aventure-tours-caraibes.fr\/en\/","name":"Aventure Tours Cara\u00efbes","description":"","publisher":{"@id":"https:\/\/aventure-tours-caraibes.fr\/en\/#organization"},"potentialAction":[{"@type":"SearchAction","target":{"@type":"EntryPoint","urlTemplate":"https:\/\/aventure-tours-caraibes.fr\/en\/?s={search_term_string}"},"query-input":{"@type":"PropertyValueSpecification","valueRequired":true,"valueName":"search_term_string"}}],"inLanguage":"en-US"},{"@type":"Organization","@id":"https:\/\/aventure-tours-caraibes.fr\/en\/#organization","name":"Aventure Tours Cara\u00efbes","url":"https:\/\/aventure-tours-caraibes.fr\/en\/","logo":{"@type":"ImageObject","inLanguage":"en-US","@id":"https:\/\/aventure-tours-caraibes.fr\/en\/#\/schema\/logo\/image\/","url":"https:\/\/aventure-tours-caraibes.fr\/wp-content\/uploads\/2024\/12\/footer-logo.svg","contentUrl":"https:\/\/aventure-tours-caraibes.fr\/wp-content\/uploads\/2024\/12\/footer-logo.svg","width":151,"height":85,"caption":"Aventure Tours Cara\u00efbes"},"image":{"@id":"https:\/\/aventure-tours-caraibes.fr\/en\/#\/schema\/logo\/image\/"}}]}},"jetpack_sharing_enabled":true,"_links":{"self":[{"href":"https:\/\/aventure-tours-caraibes.fr\/en\/wp-json\/wp\/v2\/product\/4563","targetHints":{"allow":["GET"]}}],"collection":[{"href":"https:\/\/aventure-tours-caraibes.fr\/en\/wp-json\/wp\/v2\/product"}],"about":[{"href":"https:\/\/aventure-tours-caraibes.fr\/en\/wp-json\/wp\/v2\/types\/product"}],"wp:featuredmedia":[{"embeddable":true,"href":"https:\/\/aventure-tours-caraibes.fr\/en\/wp-json\/wp\/v2\/media\/4565"}],"wp:attachment":[{"href":"https:\/\/aventure-tours-caraibes.fr\/en\/wp-json\/wp\/v2\/media?parent=4563"}],"wp:term":[{"taxonomy":"product_brand","embeddable":true,"href":"https:\/\/aventure-tours-caraibes.fr\/en\/wp-json\/wp\/v2\/product_brand?post=4563"},{"taxonomy":"product_cat","embeddable":true,"href":"https:\/\/aventure-tours-caraibes.fr\/en\/wp-json\/wp\/v2\/product_cat?post=4563"},{"taxonomy":"product_tag","embeddable":true,"href":"https:\/\/aventure-tours-caraibes.fr\/en\/wp-json\/wp\/v2\/product_tag?post=4563"}],"curies":[{"name":"wp","href":"https:\/\/api.w.org\/{rel}","templated":true}]}}