{"id":4576,"date":"2025-01-28T09:57:25","date_gmt":"2025-01-28T13:57:25","guid":{"rendered":"https:\/\/aventure-tours-caraibes.fr\/product\/sortie-bateau-mangrove-anse-figuier-rocher-du-diamant\/"},"modified":"2026-04-14T14:54:02","modified_gmt":"2026-04-14T18:54:02","slug":"sortie-bateau-mangrove-anse-figuier-rocher-du-diamant","status":"publish","type":"product","link":"https:\/\/aventure-tours-caraibes.fr\/en\/product\/sortie-bateau-mangrove-anse-figuier-rocher-du-diamant\/","title":{"rendered":"Discovery of the Rivi\u00e8re-Pilote Mangrove &#038; Exploration of Diamond Rock"},"content":{"rendered":"[vc_row type=&#8221;in_container&#8221; full_screen_row_position=&#8221;middle&#8221; column_margin=&#8221;default&#8221; column_direction=&#8221;default&#8221; column_direction_tablet=&#8221;default&#8221; column_direction_phone=&#8221;default&#8221; scene_position=&#8221;center&#8221; top_padding=&#8221;40&#8243; top_padding_tablet=&#8221;0&#8243; top_padding_phone=&#8221;0&#8243; bottom_margin_tablet=&#8221;0&#8243; bottom_margin_phone=&#8221;0&#8243; text_color=&#8221;dark&#8221; text_align=&#8221;left&#8221; row_border_radius=&#8221;none&#8221; row_border_radius_applies=&#8221;bg&#8221; row_position_desktop=&#8221;default&#8221; row_position_tablet=&#8221;inherit&#8221; row_position_phone=&#8221;inherit&#8221; overflow=&#8221;visible&#8221; overlay_strength=&#8221;0.3&#8243; gradient_direction=&#8221;left_to_right&#8221; shape_divider_position=&#8221;bottom&#8221; bg_image_animation=&#8221;none&#8221; gradient_type=&#8221;default&#8221; shape_type=&#8221;&#8221;][vc_column column_padding=&#8221;no-extra-padding&#8221; column_padding_tablet=&#8221;inherit&#8221; column_padding_phone=&#8221;inherit&#8221; column_padding_position=&#8221;all&#8221; bottom_margin_tablet=&#8221;0&#8243; bottom_margin_phone=&#8221;0&#8243; flex_gap_desktop=&#8221;10px&#8221; column_element_direction_desktop=&#8221;default&#8221; column_element_spacing=&#8221;default&#8221; desktop_text_alignment=&#8221;default&#8221; tablet_text_alignment=&#8221;default&#8221; phone_text_alignment=&#8221;default&#8221; background_color_opacity=&#8221;1&#8243; background_hover_color_opacity=&#8221;1&#8243; column_backdrop_filter=&#8221;none&#8221; column_shadow=&#8221;none&#8221; column_border_radius=&#8221;none&#8221; column_link_target=&#8221;_self&#8221; column_position=&#8221;default&#8221; gradient_direction=&#8221;left_to_right&#8221; overlay_strength=&#8221;0.3&#8243; width=&#8221;1\/1&#8243; tablet_width_inherit=&#8221;default&#8221; animation_type=&#8221;default&#8221; bg_image_animation=&#8221;none&#8221; border_type=&#8221;simple&#8221; column_border_width=&#8221;none&#8221; column_border_style=&#8221;solid&#8221; column_padding_type=&#8221;default&#8221; gradient_type=&#8221;default&#8221;][split_line_heading line_reveal_by_space_text_effect=&#8221;default&#8221; font_style=&#8221;h2&#8243; text_color=&#8221;#134d71&#8243; content_alignment=&#8221;left&#8221; mobile_content_alignment=&#8221;left&#8221; animation_type=&#8221;line-reveal-by-space&#8221; link_target=&#8221;_self&#8221; text_content=&#8221;Description of this activity&#8221; font_size=&#8221;24px&#8221; text_direction=&#8221;default&#8221;][\/split_line_heading][nectar_responsive_text inherited_font_style=&#8221;p&#8221; text_color=&#8221;#74878f&#8221; font_size_desktop=&#8221;18px&#8221; font_size_tablet=&#8221;18px&#8221; font_size_phone=&#8221;16px&#8221; text_direction=&#8221;default&#8221;]Whether with friends or family, enjoy a very comfortable boat equipped with a canopy to protect you from the sun.<br \/>\nCome discover the Rivi\u00e8re Pilote mangrove and its exceptional coastal marsh ecosystem.<br \/>\nAs you enter the mangrove, you can\u2019t help but feel a slightly spooky atmosphere with all those mangrove roots. A species endemic to Martinique.<br \/>\nI\u2019ll show you two types of mangroves. First, the red mangroves. Then, the white mangroves with their large, sprawling roots, characteristic of this tree species.<br \/>\nIn addition, the area is teeming with wildlife, including numerous bird species. You\u2019ll also find crabs, crustaceans, mollusks, and of course, fish.<br \/>\nThe tranquility of the mangrove teems with many small fish in their nursery grounds.<br \/>\nPerhaps we\u2019ll have the pleasure of spotting a tarantula on a tree, which you can photograph safely from the boat.<br \/>\nBeyond serving as a giant filter and a landmark for many animals, the mangrove also helps all sailors hide their boats in the mangrove during cyclones or tsunamis. Indeed, the mangrove trees, thanks to their size and flexibility, provide protection. A snack is also provided during this tour.[\/nectar_responsive_text][\/vc_column][\/vc_row][vc_row type=&#8221;in_container&#8221; full_screen_row_position=&#8221;middle&#8221; column_margin=&#8221;default&#8221; column_direction=&#8221;default&#8221; column_direction_tablet=&#8221;default&#8221; column_direction_phone=&#8221;default&#8221; scene_position=&#8221;center&#8221; top_padding=&#8221;20&#8243; constrain_group_1=&#8221;yes&#8221; bottom_padding=&#8221;20&#8243; bottom_padding_tablet=&#8221;0&#8243; bottom_padding_phone=&#8221;0&#8243; bottom_margin_tablet=&#8221;0&#8243; bottom_margin_phone=&#8221;0&#8243; text_color=&#8221;dark&#8221; text_align=&#8221;left&#8221; row_border_radius=&#8221;none&#8221; row_border_radius_applies=&#8221;bg&#8221; row_position_desktop=&#8221;default&#8221; row_position_tablet=&#8221;inherit&#8221; row_position_phone=&#8221;inherit&#8221; overflow=&#8221;visible&#8221; overlay_strength=&#8221;0.3&#8243; gradient_direction=&#8221;left_to_right&#8221; shape_divider_position=&#8221;bottom&#8221; bg_image_animation=&#8221;none&#8221; gradient_type=&#8221;default&#8221; shape_type=&#8221;&#8221;][vc_column column_padding=&#8221;no-extra-padding&#8221; column_padding_tablet=&#8221;inherit&#8221; column_padding_phone=&#8221;inherit&#8221; column_padding_position=&#8221;all&#8221; flex_gap_desktop=&#8221;10px&#8221; column_element_direction_desktop=&#8221;default&#8221; column_element_spacing=&#8221;default&#8221; desktop_text_alignment=&#8221;default&#8221; tablet_text_alignment=&#8221;default&#8221; phone_text_alignment=&#8221;default&#8221; background_color_opacity=&#8221;1&#8243; background_hover_color_opacity=&#8221;1&#8243; column_backdrop_filter=&#8221;none&#8221; column_shadow=&#8221;none&#8221; column_border_radius=&#8221;none&#8221; column_link_target=&#8221;_self&#8221; column_position=&#8221;default&#8221; gradient_direction=&#8221;left_to_right&#8221; overlay_strength=&#8221;0.3&#8243; width=&#8221;1\/2&#8243; tablet_width_inherit=&#8221;default&#8221; animation_type=&#8221;default&#8221; bg_image_animation=&#8221;none&#8221; border_type=&#8221;simple&#8221; column_border_width=&#8221;none&#8221; column_border_style=&#8221;solid&#8221;][split_line_heading line_reveal_by_space_text_effect=&#8221;default&#8221; font_style=&#8221;p&#8221; text_color=&#8221;#134d71&#8243; content_alignment=&#8221;left&#8221; mobile_content_alignment=&#8221;left&#8221; animation_type=&#8221;line-reveal-by-space&#8221; link_target=&#8221;_self&#8221; text_content=&#8221;Details of included activities&#8221; font_size=&#8221;24px&#8221; font_size_tablet=&#8221;24px&#8221; font_size_phone=&#8221;24px&#8221; text_direction=&#8221;default&#8221; el_class=&#8221;bold&#8221;][\/split_line_heading][nectar_responsive_text inherited_font_style=&#8221;p&#8221; text_color=&#8221;#74878f&#8221; font_size_desktop=&#8221;18px&#8221; font_size_tablet=&#8221;18px&#8221; font_size_phone=&#8221;16px&#8221; text_direction=&#8221;default&#8221;]\n<ul>\n<li>Pickup and return to the port<\/li>\n<li>Professional guide<\/li>\n<li>Private boat cruise (max. 12 passengers)<\/li>\n<li>Meals and drinks<\/li>\n<\/ul>\n[\/nectar_responsive_text][split_line_heading line_reveal_by_space_text_effect=&#8221;default&#8221; font_style=&#8221;p&#8221; text_color=&#8221;#134d71&#8243; content_alignment=&#8221;left&#8221; mobile_content_alignment=&#8221;left&#8221; animation_type=&#8221;line-reveal-by-space&#8221; link_target=&#8221;_self&#8221; text_content=&#8221;Important Information&#8221; font_size=&#8221;24px&#8221; text_direction=&#8221;default&#8221; el_class=&#8221;bold&#8221;][\/split_line_heading][nectar_responsive_text inherited_font_style=&#8221;p&#8221; text_color=&#8221;#74878f&#8221; font_size_desktop=&#8221;18px&#8221; font_size_tablet=&#8221;18px&#8221; font_size_phone=&#8221;16px&#8221; text_direction=&#8221;default&#8221;]\n<ul>\n<li>Pickup and return to the port<\/li>\n<li>Professional guide<\/li>\n<li>Private boat cruise<\/li>\n<li>Meals and drinks<\/li>\n<\/ul>\n[\/nectar_responsive_text][\/vc_column][vc_column column_padding=&#8221;no-extra-padding&#8221; column_padding_tablet=&#8221;inherit&#8221; column_padding_phone=&#8221;inherit&#8221; column_padding_position=&#8221;all&#8221; flex_gap_desktop=&#8221;10px&#8221; column_element_direction_desktop=&#8221;default&#8221; column_element_spacing=&#8221;default&#8221; desktop_text_alignment=&#8221;default&#8221; tablet_text_alignment=&#8221;default&#8221; phone_text_alignment=&#8221;default&#8221; background_color_opacity=&#8221;1&#8243; background_hover_color_opacity=&#8221;1&#8243; column_backdrop_filter=&#8221;none&#8221; column_shadow=&#8221;none&#8221; column_border_radius=&#8221;15px&#8221; column_link_target=&#8221;_self&#8221; column_position=&#8221;default&#8221; overflow=&#8221;hidden&#8221; gradient_direction=&#8221;left_to_right&#8221; overlay_strength=&#8221;0.3&#8243; width=&#8221;1\/2&#8243; tablet_width_inherit=&#8221;default&#8221; animation_type=&#8221;default&#8221; bg_image_animation=&#8221;none&#8221; border_type=&#8221;simple&#8221; column_border_width=&#8221;none&#8221; column_border_style=&#8221;solid&#8221; column_padding_type=&#8221;default&#8221; gradient_type=&#8221;default&#8221;][nectar_gmap map_type=&#8221;leaflet&#8221; zoom=&#8221;12&#8243; marker_style=&#8221;default&#8221; color=&#8221;accent-color&#8221; infowindow_start_open=&#8221;1&#8243; size=&#8221;420&#8243; map_center_lat=&#8221;14.676486550848358&#8243; map_center_lng=&#8221;-61.08320107296748&#8243; map_markers=&#8221;14.676486550848358 | -61.08320107296748&#8243;][\/vc_column][\/vc_row]\n","protected":false},"excerpt":{"rendered":"<p data-start=\"0\" data-end=\"77\">Tour of the Rivi\u00e8re-Pilote Mangrove, Martinique<\/p>\n<p data-start=\"79\" data-end=\"355\">Embark on an unforgettable adventure in the heart of Martinique\u2019s wilderness as you explore the Rivi\u00e8re-Pilote Mangrove. Aboard a comfortable boat, set out to discover this unique ecosystem, a true sanctuary for exceptional flora and fauna.<\/p>\n","protected":false},"featured_media":4577,"template":"","meta":{"inline_featured_image":false},"product_brand":[],"product_cat":[177],"product_tag":[],"class_list":{"0":"post-4576","1":"product","2":"type-product","3":"status-publish","4":"has-post-thumbnail","6":"product_cat-mangrove","8":"first","9":"instock","10":"virtual","11":"taxable","12":"purchasable","13":"product-type-simple"},"exclude_global_add_ons":true,"addons":[{"name":"Mangrove seul Adulte","type":"input_multiplier","position":0,"required":true,"title_format":"label","default":"","description_enable":false,"description":"","placeholder_enable":false,"placeholder":"","display":"select","restrictions_type":"any_text","adjust_price":true,"price":"30","price_type":"flat_fee","restrictions":false,"min":"0","max":"0","options":[],"id":1735884833},{"name":"Mangrove et Rocher du Diamant","type":"input_multiplier","position":1,"required":false,"title_format":"label","default":"","description_enable":false,"description":"","placeholder_enable":false,"placeholder":"","display":"select","restrictions_type":"any_text","adjust_price":true,"price":"65","price_type":"quantity_based","restrictions":false,"min":"0","max":"0","options":[],"id":1736138421},{"name":"Date souhait\u00e9e","type":"datepicker","position":2,"required":true,"title_format":"label","default":"","description_enable":false,"description":"","placeholder_enable":false,"placeholder":"","display":"select","restrictions_type":"any_text","adjust_price":false,"price":"","price_type":"flat_fee","restrictions":false,"min":"0","max":"0","options":[],"id":1737442374}],"yoast_head":"<!-- This site is optimized with the Yoast SEO plugin v27.4 - https:\/\/yoast.com\/product\/yoast-seo-wordpress\/ -->\n<title>Discovery of the Rivi\u00e8re-Pilote Mangrove &amp; Exploration of Diamond Rock - Aventure Tours Cara\u00efbes<\/title>\n<meta name=\"robots\" content=\"index, follow, max-snippet:-1, max-image-preview:large, max-video-preview:-1\" \/>\n<link rel=\"canonical\" href=\"https:\/\/aventure-tours-caraibes.fr\/en\/product\/sortie-bateau-mangrove-anse-figuier-rocher-du-diamant\/\" \/>\n<meta property=\"og:locale\" content=\"en_US\" \/>\n<meta property=\"og:type\" content=\"article\" \/>\n<meta property=\"og:title\" content=\"Discovery of the Rivi\u00e8re-Pilote Mangrove &amp; Exploration of Diamond Rock - Aventure Tours Cara\u00efbes\" \/>\n<meta property=\"og:description\" content=\"Tour of the Rivi\u00e8re-Pilote Mangrove, Martinique Embark on an unforgettable adventure in the heart of Martinique\u2019s wilderness as you explore the Rivi\u00e8re-Pilote Mangrove. Aboard a comfortable boat, set out to discover this unique ecosystem, a true sanctuary for exceptional flora and fauna.\" \/>\n<meta property=\"og:url\" content=\"https:\/\/aventure-tours-caraibes.fr\/en\/product\/sortie-bateau-mangrove-anse-figuier-rocher-du-diamant\/\" \/>\n<meta property=\"og:site_name\" content=\"Aventure Tours Cara\u00efbes\" \/>\n<meta property=\"article:modified_time\" content=\"2026-04-14T18:54:02+00:00\" \/>\n<meta property=\"og:image\" content=\"https:\/\/aventure-tours-caraibes.fr\/wp-content\/uploads\/2025\/01\/WhatsApp-Image-2025-02-25-a-22.35.43_2f33a317.jpg\" \/>\n\t<meta property=\"og:image:width\" content=\"1280\" \/>\n\t<meta property=\"og:image:height\" content=\"854\" \/>\n\t<meta property=\"og:image:type\" content=\"image\/jpeg\" \/>\n<meta name=\"twitter:card\" content=\"summary_large_image\" \/>\n<meta name=\"twitter:label1\" content=\"Est. reading time\" \/>\n\t<meta name=\"twitter:data1\" content=\"2 minutes\" \/>\n<!-- \/ Yoast SEO plugin. -->","yoast_head_json":{"title":"Discovery of the Rivi\u00e8re-Pilote Mangrove & Exploration of Diamond Rock - Aventure Tours Cara\u00efbes","robots":{"index":"index","follow":"follow","max-snippet":"max-snippet:-1","max-image-preview":"max-image-preview:large","max-video-preview":"max-video-preview:-1"},"canonical":"https:\/\/aventure-tours-caraibes.fr\/en\/product\/sortie-bateau-mangrove-anse-figuier-rocher-du-diamant\/","og_locale":"en_US","og_type":"article","og_title":"Discovery of the Rivi\u00e8re-Pilote Mangrove & Exploration of Diamond Rock - Aventure Tours Cara\u00efbes","og_description":"Tour of the Rivi\u00e8re-Pilote Mangrove, Martinique Embark on an unforgettable adventure in the heart of Martinique\u2019s wilderness as you explore the Rivi\u00e8re-Pilote Mangrove. Aboard a comfortable boat, set out to discover this unique ecosystem, a true sanctuary for exceptional flora and fauna.","og_url":"https:\/\/aventure-tours-caraibes.fr\/en\/product\/sortie-bateau-mangrove-anse-figuier-rocher-du-diamant\/","og_site_name":"Aventure Tours Cara\u00efbes","article_modified_time":"2026-04-14T18:54:02+00:00","og_image":[{"width":1280,"height":854,"url":"https:\/\/aventure-tours-caraibes.fr\/wp-content\/uploads\/2025\/01\/WhatsApp-Image-2025-02-25-a-22.35.43_2f33a317.jpg","type":"image\/jpeg"}],"twitter_card":"summary_large_image","twitter_misc":{"Est. reading time":"2 minutes"},"schema":{"@context":"https:\/\/schema.org","@graph":[{"@type":"WebPage","@id":"https:\/\/aventure-tours-caraibes.fr\/en\/product\/sortie-bateau-mangrove-anse-figuier-rocher-du-diamant\/","url":"https:\/\/aventure-tours-caraibes.fr\/en\/product\/sortie-bateau-mangrove-anse-figuier-rocher-du-diamant\/","name":"Discovery of the Rivi\u00e8re-Pilote Mangrove & Exploration of Diamond Rock - Aventure Tours Cara\u00efbes","isPartOf":{"@id":"https:\/\/aventure-tours-caraibes.fr\/en\/#website"},"primaryImageOfPage":{"@id":"https:\/\/aventure-tours-caraibes.fr\/en\/product\/sortie-bateau-mangrove-anse-figuier-rocher-du-diamant\/#primaryimage"},"image":{"@id":"https:\/\/aventure-tours-caraibes.fr\/en\/product\/sortie-bateau-mangrove-anse-figuier-rocher-du-diamant\/#primaryimage"},"thumbnailUrl":"https:\/\/aventure-tours-caraibes.fr\/wp-content\/uploads\/2025\/01\/WhatsApp-Image-2025-02-25-a-22.35.43_2f33a317.jpg","datePublished":"2025-01-28T13:57:25+00:00","dateModified":"2026-04-14T18:54:02+00:00","breadcrumb":{"@id":"https:\/\/aventure-tours-caraibes.fr\/en\/product\/sortie-bateau-mangrove-anse-figuier-rocher-du-diamant\/#breadcrumb"},"inLanguage":"en-US","potentialAction":[{"@type":"ReadAction","target":["https:\/\/aventure-tours-caraibes.fr\/en\/product\/sortie-bateau-mangrove-anse-figuier-rocher-du-diamant\/"]}]},{"@type":"ImageObject","inLanguage":"en-US","@id":"https:\/\/aventure-tours-caraibes.fr\/en\/product\/sortie-bateau-mangrove-anse-figuier-rocher-du-diamant\/#primaryimage","url":"https:\/\/aventure-tours-caraibes.fr\/wp-content\/uploads\/2025\/01\/WhatsApp-Image-2025-02-25-a-22.35.43_2f33a317.jpg","contentUrl":"https:\/\/aventure-tours-caraibes.fr\/wp-content\/uploads\/2025\/01\/WhatsApp-Image-2025-02-25-a-22.35.43_2f33a317.jpg","width":1280,"height":854},{"@type":"BreadcrumbList","@id":"https:\/\/aventure-tours-caraibes.fr\/en\/product\/sortie-bateau-mangrove-anse-figuier-rocher-du-diamant\/#breadcrumb","itemListElement":[{"@type":"ListItem","position":1,"name":"Accueil","item":"https:\/\/aventure-tours-caraibes.fr\/en\/"},{"@type":"ListItem","position":2,"name":"Shop","item":"https:\/\/aventure-tours-caraibes.fr\/en\/shop\/"},{"@type":"ListItem","position":3,"name":"Mangrove","item":"https:\/\/aventure-tours-caraibes.fr\/en\/product-category\/mangrove\/"},{"@type":"ListItem","position":4,"name":"Discovery of the Rivi\u00e8re-Pilote Mangrove &#038; Exploration of Diamond Rock"}]},{"@type":"WebSite","@id":"https:\/\/aventure-tours-caraibes.fr\/en\/#website","url":"https:\/\/aventure-tours-caraibes.fr\/en\/","name":"Aventure Tours Cara\u00efbes","description":"","publisher":{"@id":"https:\/\/aventure-tours-caraibes.fr\/en\/#organization"},"potentialAction":[{"@type":"SearchAction","target":{"@type":"EntryPoint","urlTemplate":"https:\/\/aventure-tours-caraibes.fr\/en\/?s={search_term_string}"},"query-input":{"@type":"PropertyValueSpecification","valueRequired":true,"valueName":"search_term_string"}}],"inLanguage":"en-US"},{"@type":"Organization","@id":"https:\/\/aventure-tours-caraibes.fr\/en\/#organization","name":"Aventure Tours Cara\u00efbes","url":"https:\/\/aventure-tours-caraibes.fr\/en\/","logo":{"@type":"ImageObject","inLanguage":"en-US","@id":"https:\/\/aventure-tours-caraibes.fr\/en\/#\/schema\/logo\/image\/","url":"https:\/\/aventure-tours-caraibes.fr\/wp-content\/uploads\/2024\/12\/footer-logo.svg","contentUrl":"https:\/\/aventure-tours-caraibes.fr\/wp-content\/uploads\/2024\/12\/footer-logo.svg","width":151,"height":85,"caption":"Aventure Tours Cara\u00efbes"},"image":{"@id":"https:\/\/aventure-tours-caraibes.fr\/en\/#\/schema\/logo\/image\/"}}]}},"jetpack_sharing_enabled":true,"_links":{"self":[{"href":"https:\/\/aventure-tours-caraibes.fr\/en\/wp-json\/wp\/v2\/product\/4576","targetHints":{"allow":["GET"]}}],"collection":[{"href":"https:\/\/aventure-tours-caraibes.fr\/en\/wp-json\/wp\/v2\/product"}],"about":[{"href":"https:\/\/aventure-tours-caraibes.fr\/en\/wp-json\/wp\/v2\/types\/product"}],"wp:featuredmedia":[{"embeddable":true,"href":"https:\/\/aventure-tours-caraibes.fr\/en\/wp-json\/wp\/v2\/media\/4577"}],"wp:attachment":[{"href":"https:\/\/aventure-tours-caraibes.fr\/en\/wp-json\/wp\/v2\/media?parent=4576"}],"wp:term":[{"taxonomy":"product_brand","embeddable":true,"href":"https:\/\/aventure-tours-caraibes.fr\/en\/wp-json\/wp\/v2\/product_brand?post=4576"},{"taxonomy":"product_cat","embeddable":true,"href":"https:\/\/aventure-tours-caraibes.fr\/en\/wp-json\/wp\/v2\/product_cat?post=4576"},{"taxonomy":"product_tag","embeddable":true,"href":"https:\/\/aventure-tours-caraibes.fr\/en\/wp-json\/wp\/v2\/product_tag?post=4576"}],"curies":[{"name":"wp","href":"https:\/\/api.w.org\/{rel}","templated":true}]}}