{"id":4609,"date":"2025-01-02T11:24:42","date_gmt":"2025-01-02T15:24:42","guid":{"rendered":"https:\/\/aventure-tours-caraibes.fr\/product\/excursion-baignoire-josephine-demi-journee\/"},"modified":"2026-04-14T15:18:21","modified_gmt":"2026-04-14T19:18:21","slug":"excursion-baignoire-josephine-demi-journee","status":"publish","type":"product","link":"https:\/\/aventure-tours-caraibes.fr\/en\/product\/excursion-baignoire-josephine-demi-journee\/","title":{"rendered":"Half-Day Excursion to the White Sandbanks \u2013 Jos\u00e9phine\u2019s Bathtub"},"content":{"rendered":"[vc_row type=&#8221;in_container&#8221; full_screen_row_position=&#8221;middle&#8221; column_margin=&#8221;default&#8221; column_direction=&#8221;default&#8221; column_direction_tablet=&#8221;default&#8221; column_direction_phone=&#8221;default&#8221; scene_position=&#8221;center&#8221; top_padding=&#8221;40&#8243; top_padding_tablet=&#8221;0&#8243; top_padding_phone=&#8221;0&#8243; bottom_margin_tablet=&#8221;0&#8243; bottom_margin_phone=&#8221;0&#8243; text_color=&#8221;dark&#8221; text_align=&#8221;left&#8221; row_border_radius=&#8221;none&#8221; row_border_radius_applies=&#8221;bg&#8221; row_position_desktop=&#8221;default&#8221; row_position_tablet=&#8221;inherit&#8221; row_position_phone=&#8221;inherit&#8221; overflow=&#8221;visible&#8221; overlay_strength=&#8221;0.3&#8243; gradient_direction=&#8221;left_to_right&#8221; shape_divider_position=&#8221;bottom&#8221; bg_image_animation=&#8221;none&#8221; gradient_type=&#8221;default&#8221; shape_type=&#8221;&#8221;][vc_column column_padding=&#8221;no-extra-padding&#8221; column_padding_tablet=&#8221;inherit&#8221; column_padding_phone=&#8221;inherit&#8221; column_padding_position=&#8221;all&#8221; bottom_margin_tablet=&#8221;0&#8243; bottom_margin_phone=&#8221;0&#8243; flex_gap_desktop=&#8221;10px&#8221; column_element_direction_desktop=&#8221;default&#8221; column_element_spacing=&#8221;default&#8221; desktop_text_alignment=&#8221;default&#8221; tablet_text_alignment=&#8221;default&#8221; phone_text_alignment=&#8221;default&#8221; background_color_opacity=&#8221;1&#8243; background_hover_color_opacity=&#8221;1&#8243; column_backdrop_filter=&#8221;none&#8221; column_shadow=&#8221;none&#8221; column_border_radius=&#8221;none&#8221; column_link_target=&#8221;_self&#8221; column_position=&#8221;default&#8221; gradient_direction=&#8221;left_to_right&#8221; overlay_strength=&#8221;0.3&#8243; width=&#8221;1\/1&#8243; tablet_width_inherit=&#8221;default&#8221; animation_type=&#8221;default&#8221; bg_image_animation=&#8221;none&#8221; border_type=&#8221;simple&#8221; column_border_width=&#8221;none&#8221; column_border_style=&#8221;solid&#8221; column_padding_type=&#8221;default&#8221; gradient_type=&#8221;default&#8221;][split_line_heading line_reveal_by_space_text_effect=&#8221;default&#8221; font_style=&#8221;h2&#8243; text_color=&#8221;#134d71&#8243; content_alignment=&#8221;left&#8221; mobile_content_alignment=&#8221;left&#8221; animation_type=&#8221;line-reveal-by-space&#8221; link_target=&#8221;_self&#8221; text_content=&#8221;Description of this activity&#8221; font_size=&#8221;24px&#8221; text_direction=&#8221;default&#8221;][\/split_line_heading][nectar_responsive_text inherited_font_style=&#8221;p&#8221; text_color=&#8221;#74878f&#8221; font_size_desktop=&#8221;18px&#8221; font_size_tablet=&#8221;18px&#8221; font_size_phone=&#8221;16px&#8221; text_direction=&#8221;default&#8221;]Set off on a half-day excursion combining the White Sandbanks (Jos\u00e9phine\u2019s Bathtub) and Iguana Island:<\/p>\n<p>Your adventure begins at the Le Fran\u00e7ois Fishing Port at 9:00 AM. On board a modern and comfortable motorboat accommodating up to 12 people, let yourself be welcomed by the boat captain, who offers a warm reception and a friendly atmosphere. During the crossing, admire the exceptional scenery of the Martinican Atlantic coast, while your captain shares the history of each islet.<\/p>\n<p>Upon arrival at Jos\u00e9phine\u2019s Bathtub, dive into this unique white sandbank. Relax in crystal-clear waters and, to enhance the moment, enjoy a delicious local planter cocktail or fresh fruit juice, accompanied by typical Martinican snacks.<\/p>\n<p>Equipped with your mask, snorkel, and fins, you will have the opportunity to explore the seabed rich in colorful coral and tropical fish. The shallow depth and calm waters make this activity accessible to everyone, even beginners.<\/p>\n<p>Next, head toward the islets of Le Robert by crossing the coral reef to discover Chancel Islet, home to endemic iguanas and 18th-century ruins.<\/p>\n<p>This excursion, both relaxing and immersive, offers the perfect balance between exploration and leisure. It is ideal for a morning of relaxation and enjoyment with family, friends, or as a couple.<\/p>\n<p>Around 12:30 PM, return to the port with unforgettable memories and a peaceful mind, captivated by the beauty of the landscapes. Whether you love the sea, are curious about discovering Martinique\u2019s natural treasures, or simply seeking a relaxing moment, this excursion is an experience not to be missed!<br \/>\n[\/nectar_responsive_text][\/vc_column][\/vc_row][vc_row type=&#8221;in_container&#8221; full_screen_row_position=&#8221;middle&#8221; column_margin=&#8221;default&#8221; column_direction=&#8221;default&#8221; column_direction_tablet=&#8221;default&#8221; column_direction_phone=&#8221;default&#8221; scene_position=&#8221;center&#8221; top_padding=&#8221;20&#8243; constrain_group_1=&#8221;yes&#8221; bottom_padding=&#8221;20&#8243; bottom_padding_tablet=&#8221;0&#8243; bottom_padding_phone=&#8221;0&#8243; bottom_margin_tablet=&#8221;0&#8243; bottom_margin_phone=&#8221;0&#8243; text_color=&#8221;dark&#8221; text_align=&#8221;left&#8221; row_border_radius=&#8221;none&#8221; row_border_radius_applies=&#8221;bg&#8221; row_position_desktop=&#8221;default&#8221; row_position_tablet=&#8221;inherit&#8221; row_position_phone=&#8221;inherit&#8221; overflow=&#8221;visible&#8221; overlay_strength=&#8221;0.3&#8243; gradient_direction=&#8221;left_to_right&#8221; shape_divider_position=&#8221;bottom&#8221; bg_image_animation=&#8221;none&#8221; gradient_type=&#8221;default&#8221; shape_type=&#8221;&#8221;][vc_column column_padding=&#8221;no-extra-padding&#8221; column_padding_tablet=&#8221;inherit&#8221; column_padding_phone=&#8221;inherit&#8221; column_padding_position=&#8221;all&#8221; flex_gap_desktop=&#8221;10px&#8221; column_element_direction_desktop=&#8221;default&#8221; column_element_spacing=&#8221;default&#8221; desktop_text_alignment=&#8221;default&#8221; tablet_text_alignment=&#8221;default&#8221; phone_text_alignment=&#8221;default&#8221; background_color_opacity=&#8221;1&#8243; background_hover_color_opacity=&#8221;1&#8243; column_backdrop_filter=&#8221;none&#8221; column_shadow=&#8221;none&#8221; column_border_radius=&#8221;none&#8221; column_link_target=&#8221;_self&#8221; column_position=&#8221;default&#8221; gradient_direction=&#8221;left_to_right&#8221; overlay_strength=&#8221;0.3&#8243; width=&#8221;1\/2&#8243; tablet_width_inherit=&#8221;default&#8221; animation_type=&#8221;default&#8221; bg_image_animation=&#8221;none&#8221; border_type=&#8221;simple&#8221; column_border_width=&#8221;none&#8221; column_border_style=&#8221;solid&#8221;][split_line_heading line_reveal_by_space_text_effect=&#8221;default&#8221; font_style=&#8221;p&#8221; text_color=&#8221;#134d71&#8243; content_alignment=&#8221;left&#8221; mobile_content_alignment=&#8221;left&#8221; animation_type=&#8221;line-reveal-by-space&#8221; link_target=&#8221;_self&#8221; text_content=&#8221;Details of included activities&#8221; font_size=&#8221;24px&#8221; font_size_tablet=&#8221;24px&#8221; font_size_phone=&#8221;24px&#8221; text_direction=&#8221;default&#8221; el_class=&#8221;bold&#8221;][\/split_line_heading][nectar_responsive_text inherited_font_style=&#8221;p&#8221; text_color=&#8221;#74878f&#8221; font_size_desktop=&#8221;18px&#8221; font_size_tablet=&#8221;18px&#8221; font_size_phone=&#8221;16px&#8221; text_direction=&#8221;default&#8221;]\n<ul>\n<li>Pickup and return to the port<\/li>\n<li>Professional guide<\/li>\n<li>Private boat cruise (max. 12 passengers)<\/li>\n<li>Meals and drinks<\/li>\n<\/ul>\n[\/nectar_responsive_text][split_line_heading line_reveal_by_space_text_effect=&#8221;default&#8221; font_style=&#8221;p&#8221; text_color=&#8221;#134d71&#8243; content_alignment=&#8221;left&#8221; mobile_content_alignment=&#8221;left&#8221; animation_type=&#8221;line-reveal-by-space&#8221; link_target=&#8221;_self&#8221; text_content=&#8221;Important Information&#8221; font_size=&#8221;24px&#8221; text_direction=&#8221;default&#8221; el_class=&#8221;bold&#8221;][\/split_line_heading][nectar_responsive_text inherited_font_style=&#8221;p&#8221; text_color=&#8221;#74878f&#8221; font_size_desktop=&#8221;18px&#8221; font_size_tablet=&#8221;18px&#8221; font_size_phone=&#8221;16px&#8221; text_direction=&#8221;default&#8221;]\n<ul>\n<li>Pickup and return to the port<\/li>\n<li>Professional guide<\/li>\n<li>Private boat cruise (max. 12 passengers)<\/li>\n<li>Meals and drinks<\/li>\n<\/ul>\n[\/nectar_responsive_text][\/vc_column][vc_column column_padding=&#8221;no-extra-padding&#8221; column_padding_tablet=&#8221;inherit&#8221; column_padding_phone=&#8221;inherit&#8221; column_padding_position=&#8221;all&#8221; flex_gap_desktop=&#8221;10px&#8221; column_element_direction_desktop=&#8221;default&#8221; column_element_spacing=&#8221;default&#8221; desktop_text_alignment=&#8221;default&#8221; tablet_text_alignment=&#8221;default&#8221; phone_text_alignment=&#8221;default&#8221; background_color_opacity=&#8221;1&#8243; background_hover_color_opacity=&#8221;1&#8243; column_backdrop_filter=&#8221;none&#8221; column_shadow=&#8221;none&#8221; column_border_radius=&#8221;15px&#8221; column_link_target=&#8221;_self&#8221; column_position=&#8221;default&#8221; overflow=&#8221;hidden&#8221; gradient_direction=&#8221;left_to_right&#8221; overlay_strength=&#8221;0.3&#8243; width=&#8221;1\/2&#8243; tablet_width_inherit=&#8221;default&#8221; animation_type=&#8221;default&#8221; bg_image_animation=&#8221;none&#8221; border_type=&#8221;simple&#8221; column_border_width=&#8221;none&#8221; column_border_style=&#8221;solid&#8221; column_padding_type=&#8221;default&#8221; gradient_type=&#8221;default&#8221;][nectar_gmap map_type=&#8221;leaflet&#8221; zoom=&#8221;12&#8243; marker_style=&#8221;default&#8221; color=&#8221;accent-color&#8221; infowindow_start_open=&#8221;1&#8243; size=&#8221;420&#8243; map_center_lat=&#8221;14.676486550848358&#8243; map_center_lng=&#8221;-61.08320107296748&#8243; map_markers=&#8221;14.676486550848358 | -61.08320107296748&#8243;][nectar_gmap map_type=&#8221;google&#8221; zoom=&#8221;1&#8243; marker_style=&#8221;default&#8221; nectar_marker_color=&#8221;accent-color&#8221; map_center_lat=&#8221;14.679349&#8243; map_center_lng=&#8221;-60.937387&#8243;][\/vc_column][\/vc_row]\n","protected":false},"excerpt":{"rendered":"<p>Partez \u00e0 la d\u00e9couverte des fonds blancs du Fran\u00e7ois et du Robert la mythique Baignoire de Jos\u00e9phine et l&#8217;ile aux iguanes en Martinique lors d&#8217;une excursion inoubliable d&#8217;une demi-journ\u00e9e ! Entre baignade dans des eaux cristallines, ambiance conviviale et d\u00e9gustation de saveurs locales, cette exp\u00e9rience vous promet un moment de d\u00e9tente et de d\u00e9paysement au c\u0153ur des fonds blancs de la c\u00f4te atlantique.<\/p>\n","protected":false},"featured_media":4611,"template":"","meta":{"inline_featured_image":false},"product_brand":[],"product_cat":[170,175,171,172],"product_tag":[],"class_list":{"0":"post-4609","1":"product","2":"type-product","3":"status-publish","4":"has-post-thumbnail","6":"product_cat-bagnoire-josephine","7":"product_cat-demi-journee-fonds-blancs","8":"product_cat-excursion-bateau-martinique","9":"product_cat-les-fonds-blancs","11":"first","12":"instock","13":"virtual","14":"taxable","15":"purchasable","16":"product-type-simple"},"exclude_global_add_ons":true,"addons":[{"name":"Adulte (+12ans)","type":"input_multiplier","position":0,"required":true,"title_format":"label","default":"","description_enable":false,"description":"","placeholder_enable":false,"placeholder":"","display":"select","restrictions_type":"any_text","adjust_price":true,"price":"55","price_type":"flat_fee","restrictions":false,"min":"0","max":"0","options":[],"id":1735884833},{"name":"Enfant (6-11ans)","type":"input_multiplier","position":1,"required":false,"title_format":"label","default":"","description_enable":false,"description":"","placeholder_enable":false,"placeholder":"","display":"select","restrictions_type":"any_text","adjust_price":true,"price":"40","price_type":"quantity_based","restrictions":false,"min":"0","max":"0","options":[],"id":1736138421},{"name":"Enfants (0-5ans)","type":"input_multiplier","position":2,"required":false,"title_format":"label","default":"","description_enable":false,"description":"","placeholder_enable":false,"placeholder":"","display":"select","restrictions_type":"any_text","adjust_price":true,"price":"15","price_type":"quantity_based","restrictions":false,"min":"0","max":"0","options":[],"id":1736138422},{"name":"Date souhait\u00e9e","type":"datepicker","position":3,"required":true,"title_format":"label","default":"","description_enable":false,"description":"","placeholder_enable":false,"placeholder":"","display":"select","restrictions_type":"any_text","adjust_price":false,"price":"","price_type":"flat_fee","restrictions":false,"min":"0","max":"0","options":[],"id":1737442374}],"yoast_head":"<!-- This site is optimized with the Yoast SEO plugin v27.4 - https:\/\/yoast.com\/product\/yoast-seo-wordpress\/ -->\n<title>Half-Day Excursion to the White Sandbanks \u2013 Jos\u00e9phine\u2019s Bathtub - Aventure Tours Cara\u00efbes<\/title>\n<meta name=\"robots\" content=\"index, follow, max-snippet:-1, max-image-preview:large, max-video-preview:-1\" \/>\n<link rel=\"canonical\" href=\"https:\/\/aventure-tours-caraibes.fr\/en\/product\/excursion-baignoire-josephine-demi-journee\/\" \/>\n<meta property=\"og:locale\" content=\"en_US\" \/>\n<meta property=\"og:type\" content=\"article\" \/>\n<meta property=\"og:title\" content=\"Half-Day Excursion to the White Sandbanks \u2013 Jos\u00e9phine\u2019s Bathtub - Aventure Tours Cara\u00efbes\" \/>\n<meta property=\"og:description\" content=\"Partez \u00e0 la d\u00e9couverte des fonds blancs du Fran\u00e7ois et du Robert la mythique Baignoire de Jos\u00e9phine et l&#039;ile aux iguanes en Martinique lors d&#039;une excursion inoubliable d&#039;une demi-journ\u00e9e ! Entre baignade dans des eaux cristallines, ambiance conviviale et d\u00e9gustation de saveurs locales, cette exp\u00e9rience vous promet un moment de d\u00e9tente et de d\u00e9paysement au c\u0153ur des fonds blancs de la c\u00f4te atlantique.\" \/>\n<meta property=\"og:url\" content=\"https:\/\/aventure-tours-caraibes.fr\/en\/product\/excursion-baignoire-josephine-demi-journee\/\" \/>\n<meta property=\"og:site_name\" content=\"Aventure Tours Cara\u00efbes\" \/>\n<meta property=\"article:modified_time\" content=\"2026-04-14T19:18:21+00:00\" \/>\n<meta property=\"og:image\" content=\"https:\/\/aventure-tours-caraibes.fr\/wp-content\/uploads\/2025\/01\/WhatsApp-Image-2025-02-25-a-20.41.02_57df46eb.jpg\" \/>\n\t<meta property=\"og:image:width\" content=\"2560\" \/>\n\t<meta property=\"og:image:height\" content=\"1708\" \/>\n\t<meta property=\"og:image:type\" content=\"image\/jpeg\" \/>\n<meta name=\"twitter:card\" content=\"summary_large_image\" \/>\n<meta name=\"twitter:label1\" content=\"Est. reading time\" \/>\n\t<meta name=\"twitter:data1\" content=\"2 minutes\" \/>\n<!-- \/ Yoast SEO plugin. -->","yoast_head_json":{"title":"Half-Day Excursion to the White Sandbanks \u2013 Jos\u00e9phine\u2019s Bathtub - Aventure Tours Cara\u00efbes","robots":{"index":"index","follow":"follow","max-snippet":"max-snippet:-1","max-image-preview":"max-image-preview:large","max-video-preview":"max-video-preview:-1"},"canonical":"https:\/\/aventure-tours-caraibes.fr\/en\/product\/excursion-baignoire-josephine-demi-journee\/","og_locale":"en_US","og_type":"article","og_title":"Half-Day Excursion to the White Sandbanks \u2013 Jos\u00e9phine\u2019s Bathtub - Aventure Tours Cara\u00efbes","og_description":"Partez \u00e0 la d\u00e9couverte des fonds blancs du Fran\u00e7ois et du Robert la mythique Baignoire de Jos\u00e9phine et l'ile aux iguanes en Martinique lors d'une excursion inoubliable d'une demi-journ\u00e9e ! Entre baignade dans des eaux cristallines, ambiance conviviale et d\u00e9gustation de saveurs locales, cette exp\u00e9rience vous promet un moment de d\u00e9tente et de d\u00e9paysement au c\u0153ur des fonds blancs de la c\u00f4te atlantique.","og_url":"https:\/\/aventure-tours-caraibes.fr\/en\/product\/excursion-baignoire-josephine-demi-journee\/","og_site_name":"Aventure Tours Cara\u00efbes","article_modified_time":"2026-04-14T19:18:21+00:00","og_image":[{"width":2560,"height":1708,"url":"https:\/\/aventure-tours-caraibes.fr\/wp-content\/uploads\/2025\/01\/WhatsApp-Image-2025-02-25-a-20.41.02_57df46eb.jpg","type":"image\/jpeg"}],"twitter_card":"summary_large_image","twitter_misc":{"Est. reading time":"2 minutes"},"schema":{"@context":"https:\/\/schema.org","@graph":[{"@type":"WebPage","@id":"https:\/\/aventure-tours-caraibes.fr\/en\/product\/excursion-baignoire-josephine-demi-journee\/","url":"https:\/\/aventure-tours-caraibes.fr\/en\/product\/excursion-baignoire-josephine-demi-journee\/","name":"Half-Day Excursion to the White Sandbanks \u2013 Jos\u00e9phine\u2019s Bathtub - Aventure Tours Cara\u00efbes","isPartOf":{"@id":"https:\/\/aventure-tours-caraibes.fr\/en\/#website"},"primaryImageOfPage":{"@id":"https:\/\/aventure-tours-caraibes.fr\/en\/product\/excursion-baignoire-josephine-demi-journee\/#primaryimage"},"image":{"@id":"https:\/\/aventure-tours-caraibes.fr\/en\/product\/excursion-baignoire-josephine-demi-journee\/#primaryimage"},"thumbnailUrl":"https:\/\/aventure-tours-caraibes.fr\/wp-content\/uploads\/2025\/01\/WhatsApp-Image-2025-02-25-a-20.41.02_57df46eb.jpg","datePublished":"2025-01-02T15:24:42+00:00","dateModified":"2026-04-14T19:18:21+00:00","breadcrumb":{"@id":"https:\/\/aventure-tours-caraibes.fr\/en\/product\/excursion-baignoire-josephine-demi-journee\/#breadcrumb"},"inLanguage":"en-US","potentialAction":[{"@type":"ReadAction","target":["https:\/\/aventure-tours-caraibes.fr\/en\/product\/excursion-baignoire-josephine-demi-journee\/"]}]},{"@type":"ImageObject","inLanguage":"en-US","@id":"https:\/\/aventure-tours-caraibes.fr\/en\/product\/excursion-baignoire-josephine-demi-journee\/#primaryimage","url":"https:\/\/aventure-tours-caraibes.fr\/wp-content\/uploads\/2025\/01\/WhatsApp-Image-2025-02-25-a-20.41.02_57df46eb.jpg","contentUrl":"https:\/\/aventure-tours-caraibes.fr\/wp-content\/uploads\/2025\/01\/WhatsApp-Image-2025-02-25-a-20.41.02_57df46eb.jpg","width":2560,"height":1708},{"@type":"BreadcrumbList","@id":"https:\/\/aventure-tours-caraibes.fr\/en\/product\/excursion-baignoire-josephine-demi-journee\/#breadcrumb","itemListElement":[{"@type":"ListItem","position":1,"name":"Accueil","item":"https:\/\/aventure-tours-caraibes.fr\/en\/"},{"@type":"ListItem","position":2,"name":"Shop","item":"https:\/\/aventure-tours-caraibes.fr\/en\/shop\/"},{"@type":"ListItem","position":3,"name":"Baignoire Jos\u00e9phine","item":"https:\/\/aventure-tours-caraibes.fr\/en\/product-category\/bagnoire-josephine\/"},{"@type":"ListItem","position":4,"name":"Half-Day Excursion to the White Sandbanks \u2013 Jos\u00e9phine\u2019s Bathtub"}]},{"@type":"WebSite","@id":"https:\/\/aventure-tours-caraibes.fr\/en\/#website","url":"https:\/\/aventure-tours-caraibes.fr\/en\/","name":"Aventure Tours Cara\u00efbes","description":"","publisher":{"@id":"https:\/\/aventure-tours-caraibes.fr\/en\/#organization"},"potentialAction":[{"@type":"SearchAction","target":{"@type":"EntryPoint","urlTemplate":"https:\/\/aventure-tours-caraibes.fr\/en\/?s={search_term_string}"},"query-input":{"@type":"PropertyValueSpecification","valueRequired":true,"valueName":"search_term_string"}}],"inLanguage":"en-US"},{"@type":"Organization","@id":"https:\/\/aventure-tours-caraibes.fr\/en\/#organization","name":"Aventure Tours Cara\u00efbes","url":"https:\/\/aventure-tours-caraibes.fr\/en\/","logo":{"@type":"ImageObject","inLanguage":"en-US","@id":"https:\/\/aventure-tours-caraibes.fr\/en\/#\/schema\/logo\/image\/","url":"https:\/\/aventure-tours-caraibes.fr\/wp-content\/uploads\/2024\/12\/footer-logo.svg","contentUrl":"https:\/\/aventure-tours-caraibes.fr\/wp-content\/uploads\/2024\/12\/footer-logo.svg","width":151,"height":85,"caption":"Aventure Tours Cara\u00efbes"},"image":{"@id":"https:\/\/aventure-tours-caraibes.fr\/en\/#\/schema\/logo\/image\/"}}]}},"jetpack_sharing_enabled":true,"_links":{"self":[{"href":"https:\/\/aventure-tours-caraibes.fr\/en\/wp-json\/wp\/v2\/product\/4609","targetHints":{"allow":["GET"]}}],"collection":[{"href":"https:\/\/aventure-tours-caraibes.fr\/en\/wp-json\/wp\/v2\/product"}],"about":[{"href":"https:\/\/aventure-tours-caraibes.fr\/en\/wp-json\/wp\/v2\/types\/product"}],"wp:featuredmedia":[{"embeddable":true,"href":"https:\/\/aventure-tours-caraibes.fr\/en\/wp-json\/wp\/v2\/media\/4611"}],"wp:attachment":[{"href":"https:\/\/aventure-tours-caraibes.fr\/en\/wp-json\/wp\/v2\/media?parent=4609"}],"wp:term":[{"taxonomy":"product_brand","embeddable":true,"href":"https:\/\/aventure-tours-caraibes.fr\/en\/wp-json\/wp\/v2\/product_brand?post=4609"},{"taxonomy":"product_cat","embeddable":true,"href":"https:\/\/aventure-tours-caraibes.fr\/en\/wp-json\/wp\/v2\/product_cat?post=4609"},{"taxonomy":"product_tag","embeddable":true,"href":"https:\/\/aventure-tours-caraibes.fr\/en\/wp-json\/wp\/v2\/product_tag?post=4609"}],"curies":[{"name":"wp","href":"https:\/\/api.w.org\/{rel}","templated":true}]}}